{"id":21,"date":"2021-08-17T15:46:20","date_gmt":"2021-08-17T12:46:20","guid":{"rendered":"https:\/\/geopard.tech\/?page_id=21"},"modified":"2026-01-06T20:42:57","modified_gmt":"2026-01-06T19:42:57","slug":"por-que-guepardo","status":"publish","type":"page","link":"https:\/\/geopard.tech\/pt-br\/why-geopard\/","title":{"rendered":"Por que GeoPard?"},"content":{"rendered":"","protected":false},"excerpt":{"rendered":"","protected":false},"author":210157960,"featured_media":7951,"parent":0,"menu_order":0,"comment_status":"closed","ping_status":"closed","template":"why_geopard.php","meta":{"_coblocks_attr":"","_coblocks_dimensions":"","_coblocks_responsive_height":"","_coblocks_accordion_ie_support":"","_eb_attr":"","_crdt_document":"","content-type":"","footnotes":"","big_sky_generated":false},"class_list":["post-21","page","type-page","status-publish","has-post-thumbnail","hentry"],"acf":[],"yoast_head":"<!-- This site is optimized with the Yoast SEO Premium plugin v21.6 (Yoast SEO v27.5) - https:\/\/yoast.com\/product\/yoast-seo-premium-wordpress\/ -->\n<title>Why choose GeoPard as Precision Agriculture software<\/title>\n<meta name=\"description\" content=\"Smart Farming technologies as part of GeoPard Agriculture Software suite include everything grower needs to integrate Precision Agriculture.\" \/>\n<meta name=\"robots\" content=\"index, follow, max-snippet:-1, max-image-preview:large, max-video-preview:-1\" \/>\n<link rel=\"canonical\" href=\"https:\/\/geopard.tech\/pt-br\/por-que-guepardo\/\" \/>\n<meta property=\"og:locale\" content=\"pt_BR\" \/>\n<meta property=\"og:type\" content=\"article\" \/>\n<meta property=\"og:title\" content=\"Why GeoPard?\" \/>\n<meta property=\"og:description\" content=\"Smart Farming technologies as part of GeoPard Agriculture Software suite include everything grower needs to integrate Precision Agriculture.\" \/>\n<meta property=\"og:url\" content=\"https:\/\/geopard.tech\/pt-br\/por-que-guepardo\/\" \/>\n<meta property=\"og:site_name\" content=\"GeoPard - Precision agriculture Mapping software\" \/>\n<meta property=\"article:publisher\" content=\"https:\/\/www.facebook.com\/geopardAgriculture\/\" \/>\n<meta property=\"article:modified_time\" content=\"2026-01-06T19:42:57+00:00\" \/>\n<meta property=\"og:image\" content=\"https:\/\/geopard.tech\/wp-content\/uploads\/2023\/08\/GeoPard-Product-Overview.png\" \/>\n\t<meta property=\"og:image:width\" content=\"1040\" \/>\n\t<meta property=\"og:image:height\" content=\"828\" \/>\n\t<meta property=\"og:image:type\" content=\"image\/png\" \/>\n<meta name=\"twitter:card\" content=\"summary_large_image\" \/>\n<meta name=\"twitter:site\" content=\"@geopardagri\" \/>\n<script type=\"application\/ld+json\" class=\"yoast-schema-graph\">{\"@context\":\"https:\\\/\\\/schema.org\",\"@graph\":[{\"@type\":\"WebPage\",\"@id\":\"https:\\\/\\\/geopard.tech\\\/why-geopard\\\/\",\"url\":\"https:\\\/\\\/geopard.tech\\\/why-geopard\\\/\",\"name\":\"Why choose GeoPard as Precision Agriculture software\",\"isPartOf\":{\"@id\":\"https:\\\/\\\/geopard.tech\\\/#website\"},\"primaryImageOfPage\":{\"@id\":\"https:\\\/\\\/geopard.tech\\\/why-geopard\\\/#primaryimage\"},\"image\":{\"@id\":\"https:\\\/\\\/geopard.tech\\\/why-geopard\\\/#primaryimage\"},\"thumbnailUrl\":\"https:\\\/\\\/i0.wp.com\\\/geopard.tech\\\/wp-content\\\/uploads\\\/2023\\\/08\\\/GeoPard-Product-Overview.png?fit=1040%2C828&ssl=1\",\"datePublished\":\"2021-08-17T12:46:20+00:00\",\"dateModified\":\"2026-01-06T19:42:57+00:00\",\"description\":\"Smart Farming technologies as part of GeoPard Agriculture Software suite include everything grower needs to integrate Precision Agriculture.\",\"breadcrumb\":{\"@id\":\"https:\\\/\\\/geopard.tech\\\/why-geopard\\\/#breadcrumb\"},\"inLanguage\":\"pt-BR\",\"potentialAction\":[{\"@type\":\"ReadAction\",\"target\":[\"https:\\\/\\\/geopard.tech\\\/why-geopard\\\/\"]}]},{\"@type\":\"ImageObject\",\"inLanguage\":\"pt-BR\",\"@id\":\"https:\\\/\\\/geopard.tech\\\/why-geopard\\\/#primaryimage\",\"url\":\"https:\\\/\\\/i0.wp.com\\\/geopard.tech\\\/wp-content\\\/uploads\\\/2023\\\/08\\\/GeoPard-Product-Overview.png?fit=1040%2C828&ssl=1\",\"contentUrl\":\"https:\\\/\\\/i0.wp.com\\\/geopard.tech\\\/wp-content\\\/uploads\\\/2023\\\/08\\\/GeoPard-Product-Overview.png?fit=1040%2C828&ssl=1\",\"width\":1040,\"height\":828,\"caption\":\"All-In-One Precision Agriculture Analytics Software and API\"},{\"@type\":\"BreadcrumbList\",\"@id\":\"https:\\\/\\\/geopard.tech\\\/why-geopard\\\/#breadcrumb\",\"itemListElement\":[{\"@type\":\"ListItem\",\"position\":1,\"name\":\"Home\",\"item\":\"https:\\\/\\\/geopard.tech\\\/\"},{\"@type\":\"ListItem\",\"position\":2,\"name\":\"Why GeoPard?\"}]},{\"@type\":\"WebSite\",\"@id\":\"https:\\\/\\\/geopard.tech\\\/#website\",\"url\":\"https:\\\/\\\/geopard.tech\\\/\",\"name\":\"GeoPard - Precision agriculture software\",\"description\":\"Precision agriculture Mapping software\",\"publisher\":{\"@id\":\"https:\\\/\\\/geopard.tech\\\/#organization\"},\"alternateName\":\"GeoPard\",\"potentialAction\":[{\"@type\":\"SearchAction\",\"target\":{\"@type\":\"EntryPoint\",\"urlTemplate\":\"https:\\\/\\\/geopard.tech\\\/?s={search_term_string}\"},\"query-input\":{\"@type\":\"PropertyValueSpecification\",\"valueRequired\":true,\"valueName\":\"search_term_string\"}}],\"inLanguage\":\"pt-BR\"},{\"@type\":\"Organization\",\"@id\":\"https:\\\/\\\/geopard.tech\\\/#organization\",\"name\":\"GeoPard Agriculture\",\"alternateName\":\"GeoPard\",\"url\":\"https:\\\/\\\/geopard.tech\\\/\",\"logo\":{\"@type\":\"ImageObject\",\"inLanguage\":\"pt-BR\",\"@id\":\"https:\\\/\\\/geopard.tech\\\/#\\\/schema\\\/logo\\\/image\\\/\",\"url\":\"https:\\\/\\\/i0.wp.com\\\/geopard.tech\\\/wp-content\\\/uploads\\\/2022\\\/03\\\/favicon.png?fit=200%2C200&ssl=1\",\"contentUrl\":\"https:\\\/\\\/i0.wp.com\\\/geopard.tech\\\/wp-content\\\/uploads\\\/2022\\\/03\\\/favicon.png?fit=200%2C200&ssl=1\",\"width\":200,\"height\":200,\"caption\":\"GeoPard Agriculture\"},\"image\":{\"@id\":\"https:\\\/\\\/geopard.tech\\\/#\\\/schema\\\/logo\\\/image\\\/\"},\"sameAs\":[\"https:\\\/\\\/www.facebook.com\\\/geopardAgriculture\\\/\",\"https:\\\/\\\/x.com\\\/geopardagri\",\"https:\\\/\\\/www.linkedin.com\\\/company\\\/geopard-agriculture\\\/\",\"https:\\\/\\\/www.instagram.com\\\/geopardagriculture\\\/\"]}]}<\/script>\n<!-- \/ Yoast SEO Premium plugin. -->","yoast_head_json":{"title":"Porque escolher GeoPard como software de Agricultura de Precis\u00e3o","description":"Tecnologias de Agricultura Inteligente como parte da su\u00edte GeoPard Agriculture Software incluem tudo o que o produtor precisa para integrar a Agricultura de Precis\u00e3o.","robots":{"index":"index","follow":"follow","max-snippet":"max-snippet:-1","max-image-preview":"max-image-preview:large","max-video-preview":"max-video-preview:-1"},"canonical":"https:\/\/geopard.tech\/pt-br\/por-que-guepardo\/","og_locale":"pt_BR","og_type":"article","og_title":"Why GeoPard?","og_description":"Smart Farming technologies as part of GeoPard Agriculture Software suite include everything grower needs to integrate Precision Agriculture.","og_url":"https:\/\/geopard.tech\/pt-br\/por-que-guepardo\/","og_site_name":"GeoPard - Precision agriculture Mapping software","article_publisher":"https:\/\/www.facebook.com\/geopardAgriculture\/","article_modified_time":"2026-01-06T19:42:57+00:00","og_image":[{"width":1040,"height":828,"url":"https:\/\/geopard.tech\/wp-content\/uploads\/2023\/08\/GeoPard-Product-Overview.png","type":"image\/png"}],"twitter_card":"summary_large_image","twitter_site":"@geopardagri","schema":{"@context":"https:\/\/schema.org","@graph":[{"@type":"WebPage","@id":"https:\/\/geopard.tech\/why-geopard\/","url":"https:\/\/geopard.tech\/why-geopard\/","name":"Porque escolher GeoPard como software de Agricultura de Precis\u00e3o","isPartOf":{"@id":"https:\/\/geopard.tech\/#website"},"primaryImageOfPage":{"@id":"https:\/\/geopard.tech\/why-geopard\/#primaryimage"},"image":{"@id":"https:\/\/geopard.tech\/why-geopard\/#primaryimage"},"thumbnailUrl":"https:\/\/i0.wp.com\/geopard.tech\/wp-content\/uploads\/2023\/08\/GeoPard-Product-Overview.png?fit=1040%2C828&ssl=1","datePublished":"2021-08-17T12:46:20+00:00","dateModified":"2026-01-06T19:42:57+00:00","description":"Tecnologias de Agricultura Inteligente como parte da su\u00edte GeoPard Agriculture Software incluem tudo o que o produtor precisa para integrar a Agricultura de Precis\u00e3o.","breadcrumb":{"@id":"https:\/\/geopard.tech\/why-geopard\/#breadcrumb"},"inLanguage":"pt-BR","potentialAction":[{"@type":"ReadAction","target":["https:\/\/geopard.tech\/why-geopard\/"]}]},{"@type":"ImageObject","inLanguage":"pt-BR","@id":"https:\/\/geopard.tech\/why-geopard\/#primaryimage","url":"https:\/\/i0.wp.com\/geopard.tech\/wp-content\/uploads\/2023\/08\/GeoPard-Product-Overview.png?fit=1040%2C828&ssl=1","contentUrl":"https:\/\/i0.wp.com\/geopard.tech\/wp-content\/uploads\/2023\/08\/GeoPard-Product-Overview.png?fit=1040%2C828&ssl=1","width":1040,"height":828,"caption":"All-In-One Precision Agriculture Analytics Software and API"},{"@type":"BreadcrumbList","@id":"https:\/\/geopard.tech\/why-geopard\/#breadcrumb","itemListElement":[{"@type":"ListItem","position":1,"name":"Home","item":"https:\/\/geopard.tech\/"},{"@type":"ListItem","position":2,"name":"Why GeoPard?"}]},{"@type":"WebSite","@id":"https:\/\/geopard.tech\/#website","url":"https:\/\/geopard.tech\/","name":"GeoPard - Software de agricultura de precis\u00e3o","description":"Software de mapeamento para agricultura de precis\u00e3o","publisher":{"@id":"https:\/\/geopard.tech\/#organization"},"alternateName":"GeoPard","potentialAction":[{"@type":"SearchAction","target":{"@type":"EntryPoint","urlTemplate":"https:\/\/geopard.tech\/?s={search_term_string}"},"query-input":{"@type":"PropertyValueSpecification","valueRequired":true,"valueName":"search_term_string"}}],"inLanguage":"pt-BR"},{"@type":"Organization","@id":"https:\/\/geopard.tech\/#organization","name":"GeoPard Agricultura","alternateName":"GeoPard","url":"https:\/\/geopard.tech\/","logo":{"@type":"ImageObject","inLanguage":"pt-BR","@id":"https:\/\/geopard.tech\/#\/schema\/logo\/image\/","url":"https:\/\/i0.wp.com\/geopard.tech\/wp-content\/uploads\/2022\/03\/favicon.png?fit=200%2C200&ssl=1","contentUrl":"https:\/\/i0.wp.com\/geopard.tech\/wp-content\/uploads\/2022\/03\/favicon.png?fit=200%2C200&ssl=1","width":200,"height":200,"caption":"GeoPard Agriculture"},"image":{"@id":"https:\/\/geopard.tech\/#\/schema\/logo\/image\/"},"sameAs":["https:\/\/www.facebook.com\/geopardAgriculture\/","https:\/\/x.com\/geopardagri","https:\/\/www.linkedin.com\/company\/geopard-agriculture\/","https:\/\/www.instagram.com\/geopardagriculture\/"]}]}},"jetpack_likes_enabled":true,"jetpack_sharing_enabled":true,"jetpack_shortlink":"https:\/\/wp.me\/PdiCPa-l","_links":{"self":[{"href":"https:\/\/geopard.tech\/pt-br\/wp-json\/wp\/v2\/pages\/21","targetHints":{"allow":["GET"]}}],"collection":[{"href":"https:\/\/geopard.tech\/pt-br\/wp-json\/wp\/v2\/pages"}],"about":[{"href":"https:\/\/geopard.tech\/pt-br\/wp-json\/wp\/v2\/types\/page"}],"author":[{"embeddable":true,"href":"https:\/\/geopard.tech\/pt-br\/wp-json\/wp\/v2\/users\/210157960"}],"replies":[{"embeddable":true,"href":"https:\/\/geopard.tech\/pt-br\/wp-json\/wp\/v2\/comments?post=21"}],"version-history":[{"count":0,"href":"https:\/\/geopard.tech\/pt-br\/wp-json\/wp\/v2\/pages\/21\/revisions"}],"wp:featuredmedia":[{"embeddable":true,"href":"https:\/\/geopard.tech\/pt-br\/wp-json\/wp\/v2\/media\/7951"}],"wp:attachment":[{"href":"https:\/\/geopard.tech\/pt-br\/wp-json\/wp\/v2\/media?parent=21"}],"curies":[{"name":"wp","href":"https:\/\/api.w.org\/{rel}","templated":true}]}}