{"id":5979,"date":"2023-03-22T10:44:26","date_gmt":"2023-03-22T09:44:26","guid":{"rendered":"https:\/\/geopard.tech\/?page_id=5979"},"modified":"2024-10-30T10:57:08","modified_gmt":"2024-10-30T09:57:08","slug":"formularz-demonstracyjny","status":"publish","type":"page","link":"https:\/\/geopard.tech\/pl\/demo-form\/","title":{"rendered":"Zaplanuj bezp\u0142atn\u0105 demonstracj\u0119 na \u017cywo"},"content":{"rendered":"<p><iframe class=\"clickup-embed clickup-dynamic-height\" style=\"background: transparent; border: 1px solid #ccc;\" src=\"https:\/\/forms.clickup.com\/9004067530\/f\/8cayapa-2832\/U0KJEJ0S8WHA5NAWGJ\" width=\"100%\" height=\"100%\"><\/iframe><script async src=\"https:\/\/app-cdn.clickup.com\/assets\/js\/forms-embed\/v1.js\"><\/script><\/p>\r\n\r\n\r\n\r\n<p class=\"has-roboto-font-family has-custom-font has-custom-weight has-custom-lineheight has-custom-letterspacing wp-block-paragraph\" style=\"font-weight: 300; font-family: Roboto; line-height: 1.51; letter-spacing: 0.7px; font-size: 17px;\">Wysy\u0142aj\u0105c ten formularz, wyra\u017cam zgod\u0119 na przetwarzanie moich danych osobowych zgodnie z Polityk\u0105 Prywatno\u015bci.\u00a0<a href=\"https:\/\/geopard.tech\/pl\/polityka\/\" target=\"_blank\" rel=\"noreferrer noopener\">Polityka prywatno\u015bci<\/a>\u00a0b\u0119dzie regulowa\u0107 korzystanie z us\u0142ug, kt\u00f3re otrzymuj\u0119, oraz udost\u0119pnianych przeze mnie danych osobowych.<\/p>","protected":false},"excerpt":{"rendered":"<p>Wysy\u0142aj\u0105c ten formularz, wyra\u017cam zgod\u0119 na to, \u017ce Polityka Prywatno\u015bci b\u0119dzie regulowa\u0107 korzystanie z otrzymywanych przeze mnie us\u0142ug i przetwarzanie podanych przeze mnie danych osobowych.<\/p>","protected":false},"author":210249433,"featured_media":0,"parent":0,"menu_order":0,"comment_status":"closed","ping_status":"closed","template":"","meta":{"_coblocks_attr":"","_coblocks_dimensions":"","_coblocks_responsive_height":"","_coblocks_accordion_ie_support":"","_eb_attr":"","_crdt_document":"","content-type":"","footnotes":"","big_sky_generated":false},"class_list":["post-5979","page","type-page","status-publish","hentry"],"acf":[],"yoast_head":"<!-- This site is optimized with the Yoast SEO Premium plugin v21.6 (Yoast SEO v27.5) - https:\/\/yoast.com\/product\/yoast-seo-premium-wordpress\/ -->\n<title>Schedule your free live demo - GeoPard Agriculture<\/title>\n<meta name=\"robots\" content=\"index, follow, max-snippet:-1, max-image-preview:large, max-video-preview:-1\" \/>\n<link rel=\"canonical\" href=\"https:\/\/geopard.tech\/pl\/formularz-demonstracyjny\/\" \/>\n<meta property=\"og:locale\" content=\"pl_PL\" \/>\n<meta property=\"og:type\" content=\"article\" \/>\n<meta property=\"og:title\" content=\"Schedule your free live demo\" \/>\n<meta property=\"og:description\" content=\"By submitting this form, I agree that the\u00a0Privacy Policy\u00a0will govern the use of services I receive and the personal data I provide respectively.\" \/>\n<meta property=\"og:url\" content=\"https:\/\/geopard.tech\/pl\/formularz-demonstracyjny\/\" \/>\n<meta property=\"og:site_name\" content=\"GeoPard - Precision agriculture Mapping software\" \/>\n<meta property=\"article:publisher\" content=\"https:\/\/www.facebook.com\/geopardAgriculture\/\" \/>\n<meta property=\"article:modified_time\" content=\"2024-10-30T09:57:08+00:00\" \/>\n<meta property=\"og:image\" content=\"https:\/\/i0.wp.com\/geopard.tech\/wp-content\/uploads\/2026\/03\/GeoPard-Background-Precision-Ag-software-Do-more-with-your-data.png?fit=3116%2C1754&ssl=1\" \/>\n\t<meta property=\"og:image:width\" content=\"3116\" \/>\n\t<meta property=\"og:image:height\" content=\"1754\" \/>\n\t<meta property=\"og:image:type\" content=\"image\/png\" \/>\n<meta name=\"twitter:card\" content=\"summary_large_image\" \/>\n<meta name=\"twitter:site\" content=\"@geopardagri\" \/>\n<script type=\"application\/ld+json\" class=\"yoast-schema-graph\">{\"@context\":\"https:\\\/\\\/schema.org\",\"@graph\":[{\"@type\":\"WebPage\",\"@id\":\"https:\\\/\\\/geopard.tech\\\/demo-form\\\/\",\"url\":\"https:\\\/\\\/geopard.tech\\\/demo-form\\\/\",\"name\":\"Schedule your free live demo - GeoPard Agriculture\",\"isPartOf\":{\"@id\":\"https:\\\/\\\/geopard.tech\\\/#website\"},\"datePublished\":\"2023-03-22T09:44:26+00:00\",\"dateModified\":\"2024-10-30T09:57:08+00:00\",\"breadcrumb\":{\"@id\":\"https:\\\/\\\/geopard.tech\\\/demo-form\\\/#breadcrumb\"},\"inLanguage\":\"pl-PL\",\"potentialAction\":[{\"@type\":\"ReadAction\",\"target\":[\"https:\\\/\\\/geopard.tech\\\/demo-form\\\/\"]}]},{\"@type\":\"BreadcrumbList\",\"@id\":\"https:\\\/\\\/geopard.tech\\\/demo-form\\\/#breadcrumb\",\"itemListElement\":[{\"@type\":\"ListItem\",\"position\":1,\"name\":\"Home\",\"item\":\"https:\\\/\\\/geopard.tech\\\/\"},{\"@type\":\"ListItem\",\"position\":2,\"name\":\"Schedule your free live demo\"}]},{\"@type\":\"WebSite\",\"@id\":\"https:\\\/\\\/geopard.tech\\\/#website\",\"url\":\"https:\\\/\\\/geopard.tech\\\/\",\"name\":\"GeoPard - Precision agriculture software\",\"description\":\"Precision agriculture Mapping software\",\"publisher\":{\"@id\":\"https:\\\/\\\/geopard.tech\\\/#organization\"},\"alternateName\":\"GeoPard\",\"potentialAction\":[{\"@type\":\"SearchAction\",\"target\":{\"@type\":\"EntryPoint\",\"urlTemplate\":\"https:\\\/\\\/geopard.tech\\\/?s={search_term_string}\"},\"query-input\":{\"@type\":\"PropertyValueSpecification\",\"valueRequired\":true,\"valueName\":\"search_term_string\"}}],\"inLanguage\":\"pl-PL\"},{\"@type\":\"Organization\",\"@id\":\"https:\\\/\\\/geopard.tech\\\/#organization\",\"name\":\"GeoPard Agriculture\",\"alternateName\":\"GeoPard\",\"url\":\"https:\\\/\\\/geopard.tech\\\/\",\"logo\":{\"@type\":\"ImageObject\",\"inLanguage\":\"pl-PL\",\"@id\":\"https:\\\/\\\/geopard.tech\\\/#\\\/schema\\\/logo\\\/image\\\/\",\"url\":\"https:\\\/\\\/i0.wp.com\\\/geopard.tech\\\/wp-content\\\/uploads\\\/2022\\\/03\\\/favicon.png?fit=200%2C200&ssl=1\",\"contentUrl\":\"https:\\\/\\\/i0.wp.com\\\/geopard.tech\\\/wp-content\\\/uploads\\\/2022\\\/03\\\/favicon.png?fit=200%2C200&ssl=1\",\"width\":200,\"height\":200,\"caption\":\"GeoPard Agriculture\"},\"image\":{\"@id\":\"https:\\\/\\\/geopard.tech\\\/#\\\/schema\\\/logo\\\/image\\\/\"},\"sameAs\":[\"https:\\\/\\\/www.facebook.com\\\/geopardAgriculture\\\/\",\"https:\\\/\\\/x.com\\\/geopardagri\",\"https:\\\/\\\/www.linkedin.com\\\/company\\\/geopard-agriculture\\\/\",\"https:\\\/\\\/www.instagram.com\\\/geopardagriculture\\\/\"]}]}<\/script>\n<!-- \/ Yoast SEO Premium plugin. -->","yoast_head_json":{"title":"Zaplanuj bezp\u0142atn\u0105 prezentacj\u0119 na \u017cywo \u2013 GeoPard Agriculture","robots":{"index":"index","follow":"follow","max-snippet":"max-snippet:-1","max-image-preview":"max-image-preview:large","max-video-preview":"max-video-preview:-1"},"canonical":"https:\/\/geopard.tech\/pl\/formularz-demonstracyjny\/","og_locale":"pl_PL","og_type":"article","og_title":"Schedule your free live demo","og_description":"By submitting this form, I agree that the\u00a0Privacy Policy\u00a0will govern the use of services I receive and the personal data I provide respectively.","og_url":"https:\/\/geopard.tech\/pl\/formularz-demonstracyjny\/","og_site_name":"GeoPard - Precision agriculture Mapping software","article_publisher":"https:\/\/www.facebook.com\/geopardAgriculture\/","article_modified_time":"2024-10-30T09:57:08+00:00","og_image":[{"width":3116,"height":1754,"url":"https:\/\/i0.wp.com\/geopard.tech\/wp-content\/uploads\/2026\/03\/GeoPard-Background-Precision-Ag-software-Do-more-with-your-data.png?fit=3116%2C1754&ssl=1","type":"image\/png"}],"twitter_card":"summary_large_image","twitter_site":"@geopardagri","schema":{"@context":"https:\/\/schema.org","@graph":[{"@type":"WebPage","@id":"https:\/\/geopard.tech\/demo-form\/","url":"https:\/\/geopard.tech\/demo-form\/","name":"Zaplanuj bezp\u0142atn\u0105 prezentacj\u0119 na \u017cywo \u2013 GeoPard Agriculture","isPartOf":{"@id":"https:\/\/geopard.tech\/#website"},"datePublished":"2023-03-22T09:44:26+00:00","dateModified":"2024-10-30T09:57:08+00:00","breadcrumb":{"@id":"https:\/\/geopard.tech\/demo-form\/#breadcrumb"},"inLanguage":"pl-PL","potentialAction":[{"@type":"ReadAction","target":["https:\/\/geopard.tech\/demo-form\/"]}]},{"@type":"BreadcrumbList","@id":"https:\/\/geopard.tech\/demo-form\/#breadcrumb","itemListElement":[{"@type":"ListItem","position":1,"name":"Home","item":"https:\/\/geopard.tech\/"},{"@type":"ListItem","position":2,"name":"Schedule your free live demo"}]},{"@type":"WebSite","@id":"https:\/\/geopard.tech\/#website","url":"https:\/\/geopard.tech\/","name":"GeoPard - Oprogramowanie dla rolnictwa precyzyjnego","description":"Oprogramowanie do mapowania w rolnictwie precyzyjnym","publisher":{"@id":"https:\/\/geopard.tech\/#organization"},"alternateName":"GeoPard","potentialAction":[{"@type":"SearchAction","target":{"@type":"EntryPoint","urlTemplate":"https:\/\/geopard.tech\/?s={search_term_string}"},"query-input":{"@type":"PropertyValueSpecification","valueRequired":true,"valueName":"search_term_string"}}],"inLanguage":"pl-PL"},{"@type":"Organization","@id":"https:\/\/geopard.tech\/#organization","name":"GeoPard Rolnictwo","alternateName":"GeoPard","url":"https:\/\/geopard.tech\/","logo":{"@type":"ImageObject","inLanguage":"pl-PL","@id":"https:\/\/geopard.tech\/#\/schema\/logo\/image\/","url":"https:\/\/i0.wp.com\/geopard.tech\/wp-content\/uploads\/2022\/03\/favicon.png?fit=200%2C200&ssl=1","contentUrl":"https:\/\/i0.wp.com\/geopard.tech\/wp-content\/uploads\/2022\/03\/favicon.png?fit=200%2C200&ssl=1","width":200,"height":200,"caption":"GeoPard Agriculture"},"image":{"@id":"https:\/\/geopard.tech\/#\/schema\/logo\/image\/"},"sameAs":["https:\/\/www.facebook.com\/geopardAgriculture\/","https:\/\/x.com\/geopardagri","https:\/\/www.linkedin.com\/company\/geopard-agriculture\/","https:\/\/www.instagram.com\/geopardagriculture\/"]}]}},"jetpack_likes_enabled":true,"jetpack_sharing_enabled":true,"jetpack_shortlink":"https:\/\/wp.me\/PdiCPa-1yr","_links":{"self":[{"href":"https:\/\/geopard.tech\/pl\/wp-json\/wp\/v2\/pages\/5979","targetHints":{"allow":["GET"]}}],"collection":[{"href":"https:\/\/geopard.tech\/pl\/wp-json\/wp\/v2\/pages"}],"about":[{"href":"https:\/\/geopard.tech\/pl\/wp-json\/wp\/v2\/types\/page"}],"author":[{"embeddable":true,"href":"https:\/\/geopard.tech\/pl\/wp-json\/wp\/v2\/users\/210249433"}],"replies":[{"embeddable":true,"href":"https:\/\/geopard.tech\/pl\/wp-json\/wp\/v2\/comments?post=5979"}],"version-history":[{"count":0,"href":"https:\/\/geopard.tech\/pl\/wp-json\/wp\/v2\/pages\/5979\/revisions"}],"wp:attachment":[{"href":"https:\/\/geopard.tech\/pl\/wp-json\/wp\/v2\/media?parent=5979"}],"curies":[{"name":"wp","href":"https:\/\/api.w.org\/{rel}","templated":true}]}}