{"id":1134,"date":"2021-10-15T08:49:55","date_gmt":"2021-10-15T06:49:55","guid":{"rendered":"https:\/\/geopard.tech\/?page_id=1134"},"modified":"2021-11-08T11:47:05","modified_gmt":"2021-11-08T10:47:05","slug":"partner","status":"publish","type":"page","link":"https:\/\/geopard.tech\/pl\/partner\/","title":{"rendered":"Program Partnerski GeoPard Community"},"content":{"rendered":"","protected":false},"excerpt":{"rendered":"","protected":false},"author":210157960,"featured_media":0,"parent":0,"menu_order":0,"comment_status":"closed","ping_status":"closed","template":"scouting2.php","meta":{"_coblocks_attr":"","_coblocks_dimensions":"","_coblocks_responsive_height":"","_coblocks_accordion_ie_support":"","_eb_attr":"","_crdt_document":"","content-type":"","footnotes":"","big_sky_generated":false},"class_list":["post-1134","page","type-page","status-publish","hentry"],"acf":[],"yoast_head":"<!-- This site is optimized with the Yoast SEO Premium plugin v21.6 (Yoast SEO v27.5) - https:\/\/yoast.com\/product\/yoast-seo-premium-wordpress\/ -->\n<title>The GeoPard Community Partner Program - GeoPard Agriculture<\/title>\n<meta name=\"description\" content=\"Join the GeoPard Community Partner Program and earn money by advising and bringing the solution to your network.\" \/>\n<meta name=\"robots\" content=\"index, follow, max-snippet:-1, max-image-preview:large, max-video-preview:-1\" \/>\n<link rel=\"canonical\" href=\"https:\/\/geopard.tech\/pl\/partner\/\" \/>\n<meta property=\"og:locale\" content=\"pl_PL\" \/>\n<meta property=\"og:type\" content=\"article\" \/>\n<meta property=\"og:title\" content=\"The GeoPard Community Partner Program\" \/>\n<meta property=\"og:description\" content=\"Join the GeoPard Community Partner Program and earn money by advising and bringing the solution to your network.\" \/>\n<meta property=\"og:url\" content=\"https:\/\/geopard.tech\/pl\/partner\/\" \/>\n<meta property=\"og:site_name\" content=\"GeoPard - Precision agriculture Mapping software\" \/>\n<meta property=\"article:publisher\" content=\"https:\/\/www.facebook.com\/geopardAgriculture\/\" \/>\n<meta property=\"article:modified_time\" content=\"2021-11-08T10:47:05+00:00\" \/>\n<meta property=\"og:image\" content=\"https:\/\/i0.wp.com\/geopard.tech\/wp-content\/uploads\/2026\/03\/GeoPard-Background-Precision-Ag-software-Do-more-with-your-data.png?fit=3116%2C1754&ssl=1\" \/>\n\t<meta property=\"og:image:width\" content=\"3116\" \/>\n\t<meta property=\"og:image:height\" content=\"1754\" \/>\n\t<meta property=\"og:image:type\" content=\"image\/png\" \/>\n<meta name=\"twitter:card\" content=\"summary_large_image\" \/>\n<meta name=\"twitter:site\" content=\"@geopardagri\" \/>\n<script type=\"application\/ld+json\" class=\"yoast-schema-graph\">{\"@context\":\"https:\\\/\\\/schema.org\",\"@graph\":[{\"@type\":\"WebPage\",\"@id\":\"https:\\\/\\\/geopard.tech\\\/partner\\\/\",\"url\":\"https:\\\/\\\/geopard.tech\\\/partner\\\/\",\"name\":\"The GeoPard Community Partner Program - GeoPard Agriculture\",\"isPartOf\":{\"@id\":\"https:\\\/\\\/geopard.tech\\\/#website\"},\"datePublished\":\"2021-10-15T06:49:55+00:00\",\"dateModified\":\"2021-11-08T10:47:05+00:00\",\"description\":\"Join the GeoPard Community Partner Program and earn money by advising and bringing the solution to your network.\",\"breadcrumb\":{\"@id\":\"https:\\\/\\\/geopard.tech\\\/partner\\\/#breadcrumb\"},\"inLanguage\":\"pl-PL\",\"potentialAction\":[{\"@type\":\"ReadAction\",\"target\":[\"https:\\\/\\\/geopard.tech\\\/partner\\\/\"]}]},{\"@type\":\"BreadcrumbList\",\"@id\":\"https:\\\/\\\/geopard.tech\\\/partner\\\/#breadcrumb\",\"itemListElement\":[{\"@type\":\"ListItem\",\"position\":1,\"name\":\"Home\",\"item\":\"https:\\\/\\\/geopard.tech\\\/\"},{\"@type\":\"ListItem\",\"position\":2,\"name\":\"The GeoPard Community Partner Program\"}]},{\"@type\":\"WebSite\",\"@id\":\"https:\\\/\\\/geopard.tech\\\/#website\",\"url\":\"https:\\\/\\\/geopard.tech\\\/\",\"name\":\"GeoPard - Precision agriculture software\",\"description\":\"Precision agriculture Mapping software\",\"publisher\":{\"@id\":\"https:\\\/\\\/geopard.tech\\\/#organization\"},\"alternateName\":\"GeoPard\",\"potentialAction\":[{\"@type\":\"SearchAction\",\"target\":{\"@type\":\"EntryPoint\",\"urlTemplate\":\"https:\\\/\\\/geopard.tech\\\/?s={search_term_string}\"},\"query-input\":{\"@type\":\"PropertyValueSpecification\",\"valueRequired\":true,\"valueName\":\"search_term_string\"}}],\"inLanguage\":\"pl-PL\"},{\"@type\":\"Organization\",\"@id\":\"https:\\\/\\\/geopard.tech\\\/#organization\",\"name\":\"GeoPard Agriculture\",\"alternateName\":\"GeoPard\",\"url\":\"https:\\\/\\\/geopard.tech\\\/\",\"logo\":{\"@type\":\"ImageObject\",\"inLanguage\":\"pl-PL\",\"@id\":\"https:\\\/\\\/geopard.tech\\\/#\\\/schema\\\/logo\\\/image\\\/\",\"url\":\"https:\\\/\\\/i0.wp.com\\\/geopard.tech\\\/wp-content\\\/uploads\\\/2022\\\/03\\\/favicon.png?fit=200%2C200&ssl=1\",\"contentUrl\":\"https:\\\/\\\/i0.wp.com\\\/geopard.tech\\\/wp-content\\\/uploads\\\/2022\\\/03\\\/favicon.png?fit=200%2C200&ssl=1\",\"width\":200,\"height\":200,\"caption\":\"GeoPard Agriculture\"},\"image\":{\"@id\":\"https:\\\/\\\/geopard.tech\\\/#\\\/schema\\\/logo\\\/image\\\/\"},\"sameAs\":[\"https:\\\/\\\/www.facebook.com\\\/geopardAgriculture\\\/\",\"https:\\\/\\\/x.com\\\/geopardagri\",\"https:\\\/\\\/www.linkedin.com\\\/company\\\/geopard-agriculture\\\/\",\"https:\\\/\\\/www.instagram.com\\\/geopardagriculture\\\/\"]}]}<\/script>\n<!-- \/ Yoast SEO Premium plugin. -->","yoast_head_json":{"title":"GeoPard Community Partner Program - GeoPard Agriculture","description":"Do\u0142\u0105cz do programu GeoPard Community Partner i zarabiaj pieni\u0105dze, doradzaj\u0105c i oferuj\u0105c rozwi\u0105zanie swojej sieci.","robots":{"index":"index","follow":"follow","max-snippet":"max-snippet:-1","max-image-preview":"max-image-preview:large","max-video-preview":"max-video-preview:-1"},"canonical":"https:\/\/geopard.tech\/pl\/partner\/","og_locale":"pl_PL","og_type":"article","og_title":"The GeoPard Community Partner Program","og_description":"Join the GeoPard Community Partner Program and earn money by advising and bringing the solution to your network.","og_url":"https:\/\/geopard.tech\/pl\/partner\/","og_site_name":"GeoPard - Precision agriculture Mapping software","article_publisher":"https:\/\/www.facebook.com\/geopardAgriculture\/","article_modified_time":"2021-11-08T10:47:05+00:00","og_image":[{"width":3116,"height":1754,"url":"https:\/\/i0.wp.com\/geopard.tech\/wp-content\/uploads\/2026\/03\/GeoPard-Background-Precision-Ag-software-Do-more-with-your-data.png?fit=3116%2C1754&ssl=1","type":"image\/png"}],"twitter_card":"summary_large_image","twitter_site":"@geopardagri","schema":{"@context":"https:\/\/schema.org","@graph":[{"@type":"WebPage","@id":"https:\/\/geopard.tech\/partner\/","url":"https:\/\/geopard.tech\/partner\/","name":"GeoPard Community Partner Program - GeoPard Agriculture","isPartOf":{"@id":"https:\/\/geopard.tech\/#website"},"datePublished":"2021-10-15T06:49:55+00:00","dateModified":"2021-11-08T10:47:05+00:00","description":"Do\u0142\u0105cz do programu GeoPard Community Partner i zarabiaj pieni\u0105dze, doradzaj\u0105c i oferuj\u0105c rozwi\u0105zanie swojej sieci.","breadcrumb":{"@id":"https:\/\/geopard.tech\/partner\/#breadcrumb"},"inLanguage":"pl-PL","potentialAction":[{"@type":"ReadAction","target":["https:\/\/geopard.tech\/partner\/"]}]},{"@type":"BreadcrumbList","@id":"https:\/\/geopard.tech\/partner\/#breadcrumb","itemListElement":[{"@type":"ListItem","position":1,"name":"Home","item":"https:\/\/geopard.tech\/"},{"@type":"ListItem","position":2,"name":"The GeoPard Community Partner Program"}]},{"@type":"WebSite","@id":"https:\/\/geopard.tech\/#website","url":"https:\/\/geopard.tech\/","name":"GeoPard - Oprogramowanie dla rolnictwa precyzyjnego","description":"Oprogramowanie do mapowania w rolnictwie precyzyjnym","publisher":{"@id":"https:\/\/geopard.tech\/#organization"},"alternateName":"GeoPard","potentialAction":[{"@type":"SearchAction","target":{"@type":"EntryPoint","urlTemplate":"https:\/\/geopard.tech\/?s={search_term_string}"},"query-input":{"@type":"PropertyValueSpecification","valueRequired":true,"valueName":"search_term_string"}}],"inLanguage":"pl-PL"},{"@type":"Organization","@id":"https:\/\/geopard.tech\/#organization","name":"GeoPard Rolnictwo","alternateName":"GeoPard","url":"https:\/\/geopard.tech\/","logo":{"@type":"ImageObject","inLanguage":"pl-PL","@id":"https:\/\/geopard.tech\/#\/schema\/logo\/image\/","url":"https:\/\/i0.wp.com\/geopard.tech\/wp-content\/uploads\/2022\/03\/favicon.png?fit=200%2C200&ssl=1","contentUrl":"https:\/\/i0.wp.com\/geopard.tech\/wp-content\/uploads\/2022\/03\/favicon.png?fit=200%2C200&ssl=1","width":200,"height":200,"caption":"GeoPard Agriculture"},"image":{"@id":"https:\/\/geopard.tech\/#\/schema\/logo\/image\/"},"sameAs":["https:\/\/www.facebook.com\/geopardAgriculture\/","https:\/\/x.com\/geopardagri","https:\/\/www.linkedin.com\/company\/geopard-agriculture\/","https:\/\/www.instagram.com\/geopardagriculture\/"]}]}},"jetpack_likes_enabled":true,"jetpack_sharing_enabled":true,"jetpack_shortlink":"https:\/\/wp.me\/PdiCPa-ii","_links":{"self":[{"href":"https:\/\/geopard.tech\/pl\/wp-json\/wp\/v2\/pages\/1134","targetHints":{"allow":["GET"]}}],"collection":[{"href":"https:\/\/geopard.tech\/pl\/wp-json\/wp\/v2\/pages"}],"about":[{"href":"https:\/\/geopard.tech\/pl\/wp-json\/wp\/v2\/types\/page"}],"author":[{"embeddable":true,"href":"https:\/\/geopard.tech\/pl\/wp-json\/wp\/v2\/users\/210157960"}],"replies":[{"embeddable":true,"href":"https:\/\/geopard.tech\/pl\/wp-json\/wp\/v2\/comments?post=1134"}],"version-history":[{"count":0,"href":"https:\/\/geopard.tech\/pl\/wp-json\/wp\/v2\/pages\/1134\/revisions"}],"wp:attachment":[{"href":"https:\/\/geopard.tech\/pl\/wp-json\/wp\/v2\/media?parent=1134"}],"curies":[{"name":"wp","href":"https:\/\/api.w.org\/{rel}","templated":true}]}}