{"id":3349,"date":"2022-03-05T12:12:38","date_gmt":"2022-03-05T11:12:38","guid":{"rendered":"https:\/\/geopard.tech\/?page_id=3349"},"modified":"2024-12-08T20:48:01","modified_gmt":"2024-12-08T19:48:01","slug":"andmete-uhilduvus","status":"publish","type":"page","link":"https:\/\/geopard.tech\/est\/data-compatibility\/","title":{"rendered":"GeoPardi andmete \u00fchilduvus"},"content":{"rendered":"<p class=\"wp-block-paragraph\">&nbsp;<\/p>\n\n\n<section class=\"main-block main-block__product\"\n    style=\"background-image: url('https:\/\/geopard.tech\/wp-content\/uploads\/2022\/01\/GeoPard_In_Cover2-1.png');\">\n    <div class=\"main-block__container\">\n      <div class=\"main-block__content product__content\">\n        <h1 class=\"main-block__title\"\n          style=\"background-image: url('https:\/\/geopard.tech\/wp-content\/uploads\/2022\/01\/GeoPard_In_Cover2-1.png'); max-width: 633px;\">\n          GeoPardi andmete \u00fchilduvus<\/h1>\n        <p class=\"main-block__description\" style=\"max-width: px;\"><\/p>\n\t\t  <a style=\"display: inline-block; padding: 12px 50px; border-radius: 6px; background-image: var(--gradient); color: #fff; cursor: pointer; transition: .3s;\" href=\"https:\/\/app.geopard.tech\/#\/auth\/sign-up\">Proovi tasuta<\/a>\n      <\/div>\n    <\/div>\n  <\/section>\n\n<h2 class=\"block-title\">Ekspordi GeoPardist retseptiravimid \/ retseptiravimid \/ rakenduskaardid<\/h2>\n\n\n<p><style>\r\n.main-block__content .btn {\r\ndisplay: none;}\r\n<\/style><\/p>\r\n<section class=\"product-icons\" style=\"position: relative;\">\r\n<div id=\"features_circle_2\" style=\"right: -60px;\">\u00a0<\/div>\r\n<table class=\"inform-table\">\r\n<tbody>\r\n<tr class=\"tr_odd\">\r\n<td class=\"inform-table__item inform-table__check_active\">Raven Slingshot ja Viper Pro 4<\/td>\r\n<td class=\"inform-table__item\">Shapefile&#039;id<\/td>\r\n<\/tr>\r\n<tr class=\"tr_even\">\r\n<td class=\"inform-table__item inform-table__check_active\">Trimble<\/td>\r\n<td class=\"inform-table__item\">Shapefile&#039;id ja Isoxml<\/td>\r\n<\/tr>\r\n<tr class=\"tr_odd\">\r\n<td class=\"inform-table__item inform-table__check_active\">John Deere GS3 ja GS4 andmed<\/td>\r\n<td class=\"inform-table__item\"><a style=\"text-decoration: underline;\" href=\"https:\/\/stellarsupport.deere.com\/site_media\/pdf\/en\/manuals\/gs3_2630\/ompfp13946_j3_19_25oct13_402dcy.pdf\" target=\"_blank\" rel=\"noopener\">GS3 \u00fcksikasjad<\/a>, <a style=\"text-decoration: underline;\" href=\"https:\/\/www.deere.com\/assets\/pdfs\/common\/stellarsupport\/Gen4CommandCenter_ReleaseNotes_16-1_English.pdf\" target=\"_blank\" rel=\"noopener\">GS4 \u00fcksikasjad<\/a><\/td>\r\n<\/tr>\r\n<tr class=\"tr_even\">\r\n<td class=\"inform-table__item inform-table__check_active\">John Deere<\/td>\r\n<td class=\"inform-table__item\">MyJD Ops Center on integreeritud, vaata \u00fcksikasju meie lehelt <a style=\"text-decoration: underline;\" href=\"https:\/\/geopard.tech\/est\/blogi\/42snjb86m1-integratsioon-myjohndeerei-operatsioonikeskusega\/\" target=\"_blank\" rel=\"noopener\">blogipostitus<\/a><\/td>\r\n<\/tr>\r\n<tr class=\"tr_odd\">\r\n<td class=\"inform-table__item inform-table__check_active\">AGCO<\/td>\r\n<td class=\"inform-table__item\">ISOXML ja shape-failid<\/td>\r\n<\/tr>\r\n<tr class=\"tr_even\">\r\n<td class=\"inform-table__item inform-table__check_active\">CNH<\/td>\r\n<td class=\"inform-table__item\">Toetatud on ISOXML\/shapefile&#039;id<\/td>\r\n<\/tr>\r\n<tr class=\"tr_odd\">\r\n<td class=\"inform-table__item inform-table__check_active\">Topcon\/TAP<\/td>\r\n<td class=\"inform-table__item\">Shapefile&#039;i toetatakse<\/td>\r\n<\/tr>\r\n<tr class=\"tr_even\">\r\n<td class=\"inform-table__item inform-table__check_active\">M\u00fcller<\/td>\r\n<td class=\"inform-table__item\">Toetatud on ISOXML\/Shapefile&#039;id, <a style=\"text-decoration: underline;\" href=\"https:\/\/mueller-elektronik.de\/pm_manuals\/TRACK-Leader%20f%C3%BCr%20Tasten-Terminals\/de\/701717643.html\" target=\"_blank\" rel=\"noopener\">\u00fcksikasjad siin<\/a><\/td>\r\n<\/tr>\r\n<tr class=\"tr_odd\">\r\n<td class=\"inform-table__item inform-table__check_active\">ISOXML<\/td>\r\n<td class=\"inform-table__item\">Claas, Topcon, Dickey John, CNH ja teised<\/td>\r\n<\/tr>\r\n<tr class=\"tr_even\">\r\n<td class=\"inform-table__item inform-table__check_active\">AgLeaderi monitorid<\/td>\r\n<td class=\"inform-table__item\">Shapefile&#039;i tugi, <a style=\"text-decoration: underline;\" href=\"https:\/\/www.agleader.com\/blog\/loading-prescription-files-into-ag-leader-integra-and-versa-displays\/?locale=en\" target=\"_blank\" rel=\"noopener\">\u00fcksikasjad siin<\/a><\/td>\r\n<\/tr>\r\n<tr class=\"tr_odd\">\r\n<td class=\"inform-table__item inform-table__check_active\">Amazone \/ Amatron<\/td>\r\n<td class=\"inform-table__item\">Shapefile, ISOXML, <a style=\"text-decoration: underline;\" href=\"https:\/\/et.amazone.de\/files\/pdf\/MG5560-EN-II.pdf\" target=\"_blank\" rel=\"noopener\">Amatroni 3 \u00fcksikasjad<\/a>, <a style=\"text-decoration: underline;\" href=\"https:\/\/et.amazone.de\/files\/pdf\/MG6010-EN-II.pdf\" target=\"_blank\" rel=\"noopener\">Amatron4 \u00fcksikasjad<\/a><\/td>\r\n<\/tr>\r\n<tr class=\"tr_even\">\r\n<td class=\"inform-table__item inform-table__check_active\">GeoJson<\/td>\r\n<td class=\"inform-table__item\">\u00dcldine vektorandmete vorming. Toetatud enamiku GIS-programmide, sh Esri ArcGis ja QGIS poolt. Saadaval API kasutajatele.<\/td>\r\n<\/tr>\r\n<tr class=\"tr_odd\">\r\n<td class=\"inform-table__item inform-table__check_active\">Shapefile<\/td>\r\n<td class=\"inform-table__item\">\u00dcldine vektorandmete vorming. Toetatud enamiku GIS-programmide, sh Esri ArcGis ja QGIS poolt.<\/td>\r\n<\/tr>\r\n<tr class=\"tr_even\">\r\n<td class=\"inform-table__item inform-table__check_active\">API\/vidinad GeoPardi anal\u00fc\u00fctika integreerimiseks teistesse s\u00fcsteemidesse.<\/td>\r\n<td class=\"inform-table__item\">\u00a0<\/td>\r\n<\/tr>\r\n<\/tbody>\r\n<\/table>\r\n<\/section>\n\n\n\n<section class=\"product-icons\">\r\n<h2 class=\"product-icons__title\">Andmete importimine GeoPardi<\/h2>\r\n<p class=\"product-icons__description\">\u00a0<\/p>\r\n<div class=\"product-icons__content products-icon__type_description\" style=\"column-gap: 110px; row-gap: 20px; display: flex; justify-content: center; flex-wrap: wrap;\">\r\n<div class=\"product-icon__item\" style=\"flex-direction: column; justify-content: center; width: 172px;\"><img decoding=\"async\" class=\"product-icons__image\" src=\"https:\/\/i0.wp.com\/geopard.tech\/wp-content\/uploads\/2022\/01\/Frame-40.png?ssl=1\" alt=\"linnuke\" width=\"88\" height=\"88\" \/>\r\n<div class=\"product-icon__content\">\r\n<p class=\"product-icon__title\" style=\"text-align: center;\">Shapefile&#039;id<\/p>\r\n<p class=\"product-icon__description\" style=\"text-align: center;\">Punktid v\u00f5i hulknurgad<\/p>\r\n<\/div>\r\n<\/div>\r\n<div class=\"product-icon__item\" style=\"flex-direction: column; justify-content: center; width: 172px;\"><img decoding=\"async\" class=\"product-icons__image\" src=\"https:\/\/i0.wp.com\/geopard.tech\/wp-content\/uploads\/2022\/01\/Frame-40.png?ssl=1\" alt=\"linnuke\" width=\"88\" height=\"88\" \/>\r\n<div class=\"product-icon__content\">\r\n<p class=\"product-icon__title\" style=\"text-align: center;\">GeoJson<\/p>\r\n<p class=\"product-icon__description\" style=\"text-align: center;\">API kaudu<\/p>\r\n<\/div>\r\n<\/div>\r\n<div class=\"product-icon__item\" style=\"flex-direction: column; justify-content: center; width: 172px;\"><img decoding=\"async\" class=\"product-icons__image\" src=\"https:\/\/i0.wp.com\/geopard.tech\/wp-content\/uploads\/2022\/01\/Frame-40.png?ssl=1\" alt=\"linnuke\" width=\"88\" height=\"88\" \/>\r\n<div class=\"product-icon__content\">\r\n<p class=\"product-icon__title\" style=\"text-align: center;\">SoilOptixi maapinnaskannerid<\/p>\r\n<p class=\"product-icon__description\" style=\"text-align: center;\">maapealsed skannerid<\/p>\r\n<\/div>\r\n<\/div>\r\n<div class=\"product-icon__item\" style=\"flex-direction: column; justify-content: center; width: 172px;\"><img decoding=\"async\" class=\"product-icons__image\" src=\"https:\/\/i0.wp.com\/geopard.tech\/wp-content\/uploads\/2022\/01\/Frame-40.png?ssl=1\" alt=\"linnuke\" width=\"88\" height=\"88\" \/>\r\n<div class=\"product-icon__content\">\r\n<p class=\"product-icon__title\" style=\"text-align: center;\">TopSoilMapper\/GeoProspectors<\/p>\r\n<p class=\"product-icon__description\" style=\"text-align: center;\">maapealsed skannerid<\/p>\r\n<\/div>\r\n<\/div>\r\n<div class=\"product-icon__item\" style=\"flex-direction: column; justify-content: center; width: 172px;\"><img decoding=\"async\" class=\"product-icons__image\" src=\"https:\/\/i0.wp.com\/geopard.tech\/wp-content\/uploads\/2022\/01\/Frame-40.png?ssl=1\" alt=\"linnuke\" width=\"88\" height=\"88\" \/>\r\n<div class=\"product-icon__content\">\r\n<p class=\"product-icon__title\" style=\"text-align: center;\">Andmed tootluse kohta<\/p>\r\n<p class=\"product-icon__description\" style=\"text-align: center;\">shp-vorming<\/p>\r\n<\/div>\r\n<\/div>\r\n<div class=\"product-icon__item\" style=\"flex-direction: column; justify-content: center; width: 172px;\"><img decoding=\"async\" class=\"product-icons__image\" src=\"https:\/\/i0.wp.com\/geopard.tech\/wp-content\/uploads\/2022\/01\/Frame-40.png?ssl=1\" alt=\"linnuke\" width=\"88\" height=\"88\" \/>\r\n<div class=\"product-icon__content\">\r\n<p class=\"product-icon__title\" style=\"text-align: center;\">Andmed tootluse kohta<\/p>\r\n<p class=\"product-icon__description\" style=\"text-align: center;\">isoxml-vorming<\/p>\r\n<\/div>\r\n<\/div>\r\n<div class=\"product-icon__item\" style=\"flex-direction: column; justify-content: center; width: 172px;\"><img decoding=\"async\" class=\"product-icons__image\" src=\"https:\/\/i0.wp.com\/geopard.tech\/wp-content\/uploads\/2022\/01\/Frame-40.png?ssl=1\" alt=\"linnuke\" width=\"88\" height=\"88\" \/>\r\n<div class=\"product-icon__content\">\r\n<p class=\"product-icon__title\" style=\"text-align: center;\">Mullaandmed<\/p>\r\n<p class=\"product-icon__description\" style=\"text-align: center;\">shp-vorming<\/p>\r\n<\/div>\r\n<\/div>\r\n<div class=\"product-icon__item\" style=\"flex-direction: column; justify-content: center; width: 172px;\"><img decoding=\"async\" class=\"product-icons__image\" src=\"https:\/\/i0.wp.com\/geopard.tech\/wp-content\/uploads\/2022\/01\/Frame-40.png?ssl=1\" alt=\"linnuke\" width=\"88\" height=\"88\" \/>\r\n<div class=\"product-icon__content\">\r\n<p class=\"product-icon__title\" style=\"text-align: center;\">Kasutatud ja k\u00fclvatud v\u00e4etise andmed<\/p>\r\n<p class=\"product-icon__description\" style=\"text-align: center;\">shp-vorming<\/p>\r\n<\/div>\r\n<\/div>\r\n<div class=\"product-icon__item\" style=\"flex-direction: column; justify-content: center; width: 172px;\"><img decoding=\"async\" class=\"product-icons__image\" src=\"https:\/\/i0.wp.com\/geopard.tech\/wp-content\/uploads\/2022\/01\/Frame-40.png?ssl=1\" alt=\"kell\" width=\"88\" height=\"88\" \/>\r\n<div class=\"product-icon__content\">\r\n<p class=\"product-icon__title\" style=\"text-align: center;\">T\u00e4ppisk\u00fclvi andmefailid<\/p>\r\n<p class=\"product-icon__description\" style=\"text-align: center;\">N\u00fc\u00fcd toetatakse 20\/20 faili<\/p>\r\n<\/div>\r\n<\/div>\r\n<div class=\"product-icon__item\" style=\"flex-direction: column; justify-content: center; width: 172px;\"><img decoding=\"async\" class=\"product-icons__image\" src=\"https:\/\/i0.wp.com\/geopard.tech\/wp-content\/uploads\/2022\/01\/Frame-40-1.png?ssl=1\" alt=\"kell\" width=\"88\" height=\"88\" \/>\r\n<div class=\"product-icon__content\">\r\n<p class=\"product-icon__title\" style=\"text-align: center;\">P\u00f5llumajandusjuht<\/p>\r\n<p class=\"product-icon__description\" style=\"text-align: center;\">tuge veel pole Saatke meile andmed, me teisendame need teie jaoks<\/p>\r\n<\/div>\r\n<\/div>\r\n<div class=\"product-icon__item\" style=\"flex-direction: column; justify-content: center; width: 172px;\"><img decoding=\"async\" class=\"product-icons__image\" src=\"https:\/\/i0.wp.com\/geopard.tech\/wp-content\/uploads\/2022\/01\/Frame-40.png?ssl=1\" alt=\"linnuke\" width=\"88\" height=\"88\" \/>\r\n<div class=\"product-icon__content\">\r\n<p class=\"product-icon__title\" style=\"text-align: center;\">Toetatud .cn1 kausta import<\/p>\r\n<p class=\"product-icon__description\" style=\"text-align: center;\">GeoPard impordib automaatselt k\u00f5ik kaustas olevad andmed<\/p>\r\n<\/div>\r\n<\/div>\r\n<\/div>\r\n<\/section>\n\n\n\n<div id=\"and_more\" style=\"background: url('\/wp-content\/uploads\/2022\/01\/image-19.png') no-repeat top; background-size: cover; margin-bottom: 0px; margin-top: 100px; background-position: bottom;\">\n<div class=\"container\">\n<h2 class=\"product-icons__title\">Platvormide integratsioon<\/h2>\n<div id=\"and_more-content\">\n<div><img decoding=\"async\" src=\"\/wp-content\/uploads\/2022\/01\/Frame-40.png\" alt=\"\" \/>\n<p style=\"text-align: center; margin-top: 0; font-size: 20px;\">MyJohnDeere&#039;i operatsioonikeskus<\/p>\n<p style=\"text-align: center; margin-top: 0; font-size: 14px;\">kahesuunaline (import\/eksport) integratsioon<\/p>\n<p style=\"text-align: center; margin-top: 0; font-size: 14px;\">Toetus:<\/p>\n<p style=\"text-align: center; margin-top: 0; font-size: 14px;\"><a href=\"https:\/\/docs.geopard.tech\/geopard-tutorials\/product-tour-web-app\/john-deere-operations-center-integration\/john-deere-operations-center-integration\/8.-export-rx-maps-to-john-deere-operations-center-as-work-plans\" style=\"text-decoration: none; color: inherit;\" \n     onmouseover=\"this.style.color='green'; this.style.textDecoration='underline';\" \n     onmouseout=\"this.style.color='inherit'; this.style.textDecoration='none';\">1) John Deere&#039;i t\u00f6\u00f6plaanid<\/a><\/p>\n<p style=\"text-align: center; margin-top: 0; font-size: 14px;\">2) John Deere&#039;i kaardikihid<\/p>\n<p style=\"text-align: center; margin-top: 0; font-size: 14px;\"><a href=\"https:\/\/geopard.tech\/est\/johndeere\/\" style=\"text-decoration: none; color: inherit;\" \n     onmouseover=\"this.style.color='green'; this.style.textDecoration='underline';\" \n     onmouseout=\"this.style.color='inherit'; this.style.textDecoration='none';\">Lisateavet GeoPardi ja John Deere&#039;i integratsiooni kohta<\/a><\/p>\n<\/div>\n<div><img decoding=\"async\" src=\"\/wp-content\/uploads\/2022\/01\/Frame-40.png\" alt=\"\" \/>\n<p style=\"text-align: center; margin-top: 0; font-size: 20px;\">FarmVU<\/p>\n<p style=\"text-align: center; margin-top: 0; font-size: 14px;\">niiskus- \/ EC-andurid<\/p>\n<\/div>\n<div><img decoding=\"async\" src=\"\/wp-content\/uploads\/2022\/01\/Frame-40-1.png\" alt=\"\" \/>\n<p style=\"text-align: center; margin-top: 0; font-size: 20px;\">Climate FieldView integratsioon<\/p>\n<\/div>\n<\/div>\n<\/div>\n<\/div>","protected":false},"excerpt":{"rendered":"<p>&nbsp; \u00a0 Raven Slingshot ja Viper Pro 4 Shapefile&#039;id, Trimble&#039;i Shapefile&#039;id ja Isoxml, John Deere&#039;i GS3 ja GS4 andmed, GS3 \u00fcksikasjad, GS4 \u00fcksikasjad, John Deere\u2026<\/p>","protected":false},"author":210157960,"featured_media":3352,"parent":0,"menu_order":0,"comment_status":"closed","ping_status":"closed","template":"product_template.php","meta":{"_coblocks_attr":"","_coblocks_dimensions":"","_coblocks_responsive_height":"","_coblocks_accordion_ie_support":"","_eb_attr":"","_crdt_document":"","content-type":"","footnotes":"","big_sky_generated":false},"class_list":["post-3349","page","type-page","status-publish","has-post-thumbnail","hentry"],"acf":[],"yoast_head":"<!-- This site is optimized with the Yoast SEO plugin v27.6 - https:\/\/yoast.com\/product\/yoast-seo-wordpress\/ -->\n<title>GeoPard Data compatibility - GeoPard Agriculture<\/title>\n<meta name=\"robots\" content=\"index, follow, max-snippet:-1, max-image-preview:large, max-video-preview:-1\" \/>\n<link rel=\"canonical\" href=\"https:\/\/geopard.tech\/est\/andmete-uhilduvus\/\" \/>\n<meta property=\"og:locale\" content=\"et_EE\" \/>\n<meta property=\"og:type\" content=\"article\" \/>\n<meta property=\"og:title\" content=\"GeoPard Data compatibility - GeoPard Agriculture\" \/>\n<meta property=\"og:description\" content=\"&nbsp; \u00a0 Raven Slingshot and Viper Pro 4 Shapefiles Trimble Shapefiles and Isoxml John Deere GS3 and GS4 data GS3 details, GS4 details John Deere...\" \/>\n<meta property=\"og:url\" content=\"https:\/\/geopard.tech\/est\/andmete-uhilduvus\/\" \/>\n<meta property=\"og:site_name\" content=\"GeoPard - Precision agriculture Mapping software\" \/>\n<meta property=\"article:publisher\" content=\"https:\/\/www.facebook.com\/geopardAgriculture\/\" \/>\n<meta property=\"article:modified_time\" content=\"2024-12-08T19:48:01+00:00\" \/>\n<meta property=\"og:image\" content=\"https:\/\/geopard.tech\/wp-content\/uploads\/2022\/01\/GeoPard_In_Cover2-1.png\" \/>\n\t<meta property=\"og:image:width\" content=\"1439\" \/>\n\t<meta property=\"og:image:height\" content=\"471\" \/>\n\t<meta property=\"og:image:type\" content=\"image\/png\" \/>\n<meta name=\"twitter:card\" content=\"summary_large_image\" \/>\n<meta name=\"twitter:site\" content=\"@geopardagri\" \/>\n<meta name=\"twitter:label1\" content=\"Est. reading time\" \/>\n\t<meta name=\"twitter:data1\" content=\"4 minutit\" \/>\n<script type=\"application\/ld+json\" class=\"yoast-schema-graph\">{\"@context\":\"https:\\\/\\\/schema.org\",\"@graph\":[{\"@type\":\"WebPage\",\"@id\":\"https:\\\/\\\/geopard.tech\\\/data-compatibility\\\/\",\"url\":\"https:\\\/\\\/geopard.tech\\\/data-compatibility\\\/\",\"name\":\"GeoPard Data compatibility - GeoPard Agriculture\",\"isPartOf\":{\"@id\":\"https:\\\/\\\/geopard.tech\\\/#website\"},\"primaryImageOfPage\":{\"@id\":\"https:\\\/\\\/geopard.tech\\\/data-compatibility\\\/#primaryimage\"},\"image\":{\"@id\":\"https:\\\/\\\/geopard.tech\\\/data-compatibility\\\/#primaryimage\"},\"thumbnailUrl\":\"https:\\\/\\\/i0.wp.com\\\/geopard.tech\\\/wp-content\\\/uploads\\\/2022\\\/01\\\/GeoPard_In_Cover2-1.png?fit=1439%2C471&ssl=1\",\"datePublished\":\"2022-03-05T11:12:38+00:00\",\"dateModified\":\"2024-12-08T19:48:01+00:00\",\"breadcrumb\":{\"@id\":\"https:\\\/\\\/geopard.tech\\\/data-compatibility\\\/#breadcrumb\"},\"inLanguage\":\"et\",\"potentialAction\":[{\"@type\":\"ReadAction\",\"target\":[\"https:\\\/\\\/geopard.tech\\\/data-compatibility\\\/\"]}]},{\"@type\":\"ImageObject\",\"inLanguage\":\"et\",\"@id\":\"https:\\\/\\\/geopard.tech\\\/data-compatibility\\\/#primaryimage\",\"url\":\"https:\\\/\\\/i0.wp.com\\\/geopard.tech\\\/wp-content\\\/uploads\\\/2022\\\/01\\\/GeoPard_In_Cover2-1.png?fit=1439%2C471&ssl=1\",\"contentUrl\":\"https:\\\/\\\/i0.wp.com\\\/geopard.tech\\\/wp-content\\\/uploads\\\/2022\\\/01\\\/GeoPard_In_Cover2-1.png?fit=1439%2C471&ssl=1\",\"width\":1439,\"height\":471,\"caption\":\"Geopard Agriculture Data compatibility\"},{\"@type\":\"BreadcrumbList\",\"@id\":\"https:\\\/\\\/geopard.tech\\\/data-compatibility\\\/#breadcrumb\",\"itemListElement\":[{\"@type\":\"ListItem\",\"position\":1,\"name\":\"Home\",\"item\":\"https:\\\/\\\/geopard.tech\\\/\"},{\"@type\":\"ListItem\",\"position\":2,\"name\":\"GeoPard Data compatibility\"}]},{\"@type\":\"WebSite\",\"@id\":\"https:\\\/\\\/geopard.tech\\\/#website\",\"url\":\"https:\\\/\\\/geopard.tech\\\/\",\"name\":\"GeoPard - Precision agriculture software\",\"description\":\"Precision agriculture Mapping software\",\"publisher\":{\"@id\":\"https:\\\/\\\/geopard.tech\\\/#organization\"},\"alternateName\":\"GeoPard\",\"potentialAction\":[{\"@type\":\"SearchAction\",\"target\":{\"@type\":\"EntryPoint\",\"urlTemplate\":\"https:\\\/\\\/geopard.tech\\\/?s={search_term_string}\"},\"query-input\":{\"@type\":\"PropertyValueSpecification\",\"valueRequired\":true,\"valueName\":\"search_term_string\"}}],\"inLanguage\":\"et\"},{\"@type\":\"Organization\",\"@id\":\"https:\\\/\\\/geopard.tech\\\/#organization\",\"name\":\"GeoPard Agriculture\",\"alternateName\":\"GeoPard\",\"url\":\"https:\\\/\\\/geopard.tech\\\/\",\"logo\":{\"@type\":\"ImageObject\",\"inLanguage\":\"et\",\"@id\":\"https:\\\/\\\/geopard.tech\\\/#\\\/schema\\\/logo\\\/image\\\/\",\"url\":\"https:\\\/\\\/i0.wp.com\\\/geopard.tech\\\/wp-content\\\/uploads\\\/2022\\\/03\\\/favicon.png?fit=200%2C200&ssl=1\",\"contentUrl\":\"https:\\\/\\\/i0.wp.com\\\/geopard.tech\\\/wp-content\\\/uploads\\\/2022\\\/03\\\/favicon.png?fit=200%2C200&ssl=1\",\"width\":200,\"height\":200,\"caption\":\"GeoPard Agriculture\"},\"image\":{\"@id\":\"https:\\\/\\\/geopard.tech\\\/#\\\/schema\\\/logo\\\/image\\\/\"},\"sameAs\":[\"https:\\\/\\\/www.facebook.com\\\/geopardAgriculture\\\/\",\"https:\\\/\\\/x.com\\\/geopardagri\",\"https:\\\/\\\/www.linkedin.com\\\/company\\\/geopard-agriculture\\\/\",\"https:\\\/\\\/www.instagram.com\\\/geopardagriculture\\\/\"]}]}<\/script>\n<!-- \/ Yoast SEO plugin. -->","yoast_head_json":{"title":"GeoPardi andmete \u00fchilduvus - GeoPard Agriculture","robots":{"index":"index","follow":"follow","max-snippet":"max-snippet:-1","max-image-preview":"max-image-preview:large","max-video-preview":"max-video-preview:-1"},"canonical":"https:\/\/geopard.tech\/est\/andmete-uhilduvus\/","og_locale":"et_EE","og_type":"article","og_title":"GeoPard Data compatibility - GeoPard Agriculture","og_description":"&nbsp; \u00a0 Raven Slingshot and Viper Pro 4 Shapefiles Trimble Shapefiles and Isoxml John Deere GS3 and GS4 data GS3 details, GS4 details John Deere...","og_url":"https:\/\/geopard.tech\/est\/andmete-uhilduvus\/","og_site_name":"GeoPard - Precision agriculture Mapping software","article_publisher":"https:\/\/www.facebook.com\/geopardAgriculture\/","article_modified_time":"2024-12-08T19:48:01+00:00","og_image":[{"width":1439,"height":471,"url":"https:\/\/geopard.tech\/wp-content\/uploads\/2022\/01\/GeoPard_In_Cover2-1.png","type":"image\/png"}],"twitter_card":"summary_large_image","twitter_site":"@geopardagri","twitter_misc":{"Est. reading time":"4 minutit"},"schema":{"@context":"https:\/\/schema.org","@graph":[{"@type":"WebPage","@id":"https:\/\/geopard.tech\/data-compatibility\/","url":"https:\/\/geopard.tech\/data-compatibility\/","name":"GeoPardi andmete \u00fchilduvus - GeoPard Agriculture","isPartOf":{"@id":"https:\/\/geopard.tech\/#website"},"primaryImageOfPage":{"@id":"https:\/\/geopard.tech\/data-compatibility\/#primaryimage"},"image":{"@id":"https:\/\/geopard.tech\/data-compatibility\/#primaryimage"},"thumbnailUrl":"https:\/\/i0.wp.com\/geopard.tech\/wp-content\/uploads\/2022\/01\/GeoPard_In_Cover2-1.png?fit=1439%2C471&ssl=1","datePublished":"2022-03-05T11:12:38+00:00","dateModified":"2024-12-08T19:48:01+00:00","breadcrumb":{"@id":"https:\/\/geopard.tech\/data-compatibility\/#breadcrumb"},"inLanguage":"et","potentialAction":[{"@type":"ReadAction","target":["https:\/\/geopard.tech\/data-compatibility\/"]}]},{"@type":"ImageObject","inLanguage":"et","@id":"https:\/\/geopard.tech\/data-compatibility\/#primaryimage","url":"https:\/\/i0.wp.com\/geopard.tech\/wp-content\/uploads\/2022\/01\/GeoPard_In_Cover2-1.png?fit=1439%2C471&ssl=1","contentUrl":"https:\/\/i0.wp.com\/geopard.tech\/wp-content\/uploads\/2022\/01\/GeoPard_In_Cover2-1.png?fit=1439%2C471&ssl=1","width":1439,"height":471,"caption":"Geopard Agriculture Data compatibility"},{"@type":"BreadcrumbList","@id":"https:\/\/geopard.tech\/data-compatibility\/#breadcrumb","itemListElement":[{"@type":"ListItem","position":1,"name":"Home","item":"https:\/\/geopard.tech\/"},{"@type":"ListItem","position":2,"name":"GeoPard Data compatibility"}]},{"@type":"WebSite","@id":"https:\/\/geopard.tech\/#website","url":"https:\/\/geopard.tech\/","name":"GeoPard - T\u00e4ppismajanduse tarkvara","description":"T\u00e4ppisp\u00f5llumajanduse kaardistamise tarkvara","publisher":{"@id":"https:\/\/geopard.tech\/#organization"},"alternateName":"GeoPard","potentialAction":[{"@type":"SearchAction","target":{"@type":"EntryPoint","urlTemplate":"https:\/\/geopard.tech\/?s={search_term_string}"},"query-input":{"@type":"PropertyValueSpecification","valueRequired":true,"valueName":"search_term_string"}}],"inLanguage":"et"},{"@type":"Organization","@id":"https:\/\/geopard.tech\/#organization","name":"GeoPard P\u00f5llumajandus","alternateName":"GeoPard","url":"https:\/\/geopard.tech\/","logo":{"@type":"ImageObject","inLanguage":"et","@id":"https:\/\/geopard.tech\/#\/schema\/logo\/image\/","url":"https:\/\/i0.wp.com\/geopard.tech\/wp-content\/uploads\/2022\/03\/favicon.png?fit=200%2C200&ssl=1","contentUrl":"https:\/\/i0.wp.com\/geopard.tech\/wp-content\/uploads\/2022\/03\/favicon.png?fit=200%2C200&ssl=1","width":200,"height":200,"caption":"GeoPard Agriculture"},"image":{"@id":"https:\/\/geopard.tech\/#\/schema\/logo\/image\/"},"sameAs":["https:\/\/www.facebook.com\/geopardAgriculture\/","https:\/\/x.com\/geopardagri","https:\/\/www.linkedin.com\/company\/geopard-agriculture\/","https:\/\/www.instagram.com\/geopardagriculture\/"]}]}},"jetpack_likes_enabled":true,"jetpack_sharing_enabled":true,"jetpack_shortlink":"https:\/\/wp.me\/PdiCPa-S1","_links":{"self":[{"href":"https:\/\/geopard.tech\/est\/wp-json\/wp\/v2\/pages\/3349","targetHints":{"allow":["GET"]}}],"collection":[{"href":"https:\/\/geopard.tech\/est\/wp-json\/wp\/v2\/pages"}],"about":[{"href":"https:\/\/geopard.tech\/est\/wp-json\/wp\/v2\/types\/page"}],"author":[{"embeddable":true,"href":"https:\/\/geopard.tech\/est\/wp-json\/wp\/v2\/users\/210157960"}],"replies":[{"embeddable":true,"href":"https:\/\/geopard.tech\/est\/wp-json\/wp\/v2\/comments?post=3349"}],"version-history":[{"count":0,"href":"https:\/\/geopard.tech\/est\/wp-json\/wp\/v2\/pages\/3349\/revisions"}],"wp:featuredmedia":[{"embeddable":true,"href":"https:\/\/geopard.tech\/est\/wp-json\/wp\/v2\/media\/3352"}],"wp:attachment":[{"href":"https:\/\/geopard.tech\/est\/wp-json\/wp\/v2\/media?parent=3349"}],"curies":[{"name":"t\u00f6\u00f6leht","href":"https:\/\/api.w.org\/{rel}","templated":true}]}}