{"id":815,"date":"2021-10-01T10:22:33","date_gmt":"2021-10-01T07:22:33","guid":{"rendered":"https:\/\/geopard.tech\/?page_id=815"},"modified":"2022-05-31T10:40:47","modified_gmt":"2022-05-31T08:40:47","slug":"impressum","status":"publish","type":"page","link":"https:\/\/geopard.tech\/de\/impressum\/","title":{"rendered":"Impressum"},"content":{"rendered":"<div class=\"wp-block-columns is-layout-flex wp-container-core-columns-is-layout-8f761849 wp-block-columns-is-layout-flex\">\n<div class=\"wp-block-column is-layout-flow wp-block-column-is-layout-flow\">\n<div class=\"wp-block-columns is-layout-flex wp-container-core-columns-is-layout-8f761849 wp-block-columns-is-layout-flex\">\n<div class=\"wp-block-column is-layout-flow wp-block-column-is-layout-flow\">\n<p class=\"wp-block-paragraph\"><strong>Diensteanbieter<\/strong><\/p>\n\n\n\n<p class=\"wp-block-paragraph\">FlyPard Analytics GmbH<br>Neusser Str. 472<br>50733 K\u00f6ln, Deutschland<\/p>\n<\/div>\n\n\n\n<div class=\"wp-block-column is-layout-flow wp-block-column-is-layout-flow\">\n<p class=\"wp-block-paragraph\"><strong>Kontakt<\/strong><\/p>\n\n\n\n<p class=\"wp-block-paragraph\">E-Mail:&nbsp;<a href=\"mailto:info@geopard.tech\">info@geopard.tech<\/a><br>Webseite:&nbsp;<a href=\"https:\/\/geopard.tech\/de\/\">Geopard.tech<\/a><\/p>\n<\/div>\n<\/div>\n<\/div>\n\n\n\n<div class=\"wp-block-column is-layout-flow wp-block-column-is-layout-flow\">\n<div class=\"wp-block-columns is-layout-flex wp-container-core-columns-is-layout-8f761849 wp-block-columns-is-layout-flex\">\n<div class=\"wp-block-column is-layout-flow wp-block-column-is-layout-flow\">\n<p class=\"wp-block-paragraph\"><strong>Handelsregistereintrag<\/strong><\/p>\n\n\n\n<p class=\"wp-block-paragraph\">Registergericht: Amtsgericht K\u00f6ln<br>Registernummer: HRB 98016<br>Umsatzsteuer-ID: DE 323884557<\/p>\n<\/div>\n\n\n\n<div class=\"wp-block-column is-layout-flow wp-block-column-is-layout-flow\">\n<p class=\"wp-block-paragraph\"><strong>Gesch\u00e4ftsf\u00fchrer<\/strong><\/p>\n\n\n\n<p class=\"wp-block-paragraph\">Wladimir Klinkow<\/p>\n<\/div>\n<\/div>\n<\/div>\n<\/div>\n\n\n\n<p class=\"wp-block-paragraph\">Die Nutzung der im Rahmen des Impressums oder vergleichbarer Angaben ver\u00f6ffentlichten Kontaktdaten wie Postanschriften, Telefon sowie E-Mailadressen durch Dritte zur \u00dcbersendung von nicht ausdr\u00fccklich angeforderten Informationen ist nicht gestattet. Wir behalten uns rechtliche Schritte f\u00fcr den Fall der unverlangten Zusendung von Werbeinformationen, zB durch Spam-Mails, vor.<\/p>\n\n\n\n<p class=\"wp-block-paragraph\">Die bereitgestellten Informationen auf der Website der FlyPard Analytics GmbH wurden sorgf\u00e4ltig gepr\u00fcft und werden regelm\u00e4\u00dfig aktualisiert. Es kann jedoch keine Haftung oder Garantie daf\u00fcr \u00fcbernommen werden, dass alle Angaben zu jeder Zeit vollst\u00e4ndig, richtig und in letzter Aktualit\u00e4t dargestellt sind. Trotz sorgf\u00e4ltiger inhaltlicher Kontrolle \u00fcbernehmen wir keine Haftung f\u00fcr die Inhalte externer Links. F\u00fcr den Inhalt der verlinkten Seiten sind ausschlie\u00dflich deren Betreiber verantwortlich.<\/p>\n\n\n\n<p class=\"wp-block-paragraph\">Der Geltungsbereich dieses Impressums erstreckt sich auch \u00fcber die folgenden Social Media Webseiten:<br>Facebook:&nbsp;<a href=\"https:\/\/www.facebook.com\/geopardAgriculture\/\">https:\/\/www.facebook.com\/geopardAgriculture<\/a><br>Twitter:&nbsp;<a href=\"https:\/\/twitter.com\/GeoPardAgri\">https:\/\/twitter.com\/GeoPardAgri<\/a><br>LinkedIn:&nbsp;<a href=\"https:\/\/www.linkedin.com\/company\/geopard-agriculture\/\">https:\/\/www.linkedin.com\/company\/geopard-agriculture<br><\/a>YouTube:&nbsp;<a href=\"https:\/\/www.youtube.com\/channel\/UCiaPGLAhRPNh-s85dXdC-Sw\">https:\/\/www.youtube.com\/channel\/UCiaPGLAhRPNh-s85dXdC-Sw<\/a><\/p>\n\n\n\n<p class=\"wp-block-paragraph\">Alle Rechte vorbehalten.<\/p>","protected":false},"excerpt":{"rendered":"<p>Diensteanbieter FlyPard Analytics GmbHNeusser Str. 47250733 K\u00f6ln, Deutschland Kontakt E-Mail: info@geopard.techWebsite: geopard.tech Handelsregistereintrag Registergericht: Amtsgericht K\u00f6lnRegisternummer: HRB 98016Umsatzsteuer-ID: DE 323884557 Gesch\u00e4ftsf\u00fchrer Vladimir Klinkov Die Nutzung der im\u2026<\/p>","protected":false},"author":210157960,"featured_media":0,"parent":0,"menu_order":0,"comment_status":"closed","ping_status":"closed","template":"","meta":{"_coblocks_attr":"","_coblocks_dimensions":"","_coblocks_responsive_height":"","_coblocks_accordion_ie_support":"","_eb_attr":"","_crdt_document":"","content-type":"","footnotes":""},"class_list":["post-815","page","type-page","status-publish","hentry"],"acf":[],"yoast_head":"<!-- This site is optimized with the Yoast SEO Premium plugin v21.6 (Yoast SEO v27.4) - https:\/\/yoast.com\/product\/yoast-seo-premium-wordpress\/ -->\n<title>Impressum - GeoPard Agriculture<\/title>\n<meta name=\"robots\" content=\"index, follow, max-snippet:-1, max-image-preview:large, max-video-preview:-1\" \/>\n<link rel=\"canonical\" href=\"https:\/\/geopard.tech\/de\/impressum\/\" \/>\n<meta property=\"og:locale\" content=\"de_DE\" \/>\n<meta property=\"og:type\" content=\"article\" \/>\n<meta property=\"og:title\" content=\"Impressum\" \/>\n<meta property=\"og:description\" content=\"Diensteanbieter FlyPard Analytics GmbHNeusser Str. 47250733 K\u00f6ln, Germany Kontakt email:&nbsp;info@geopard.techwebsite:&nbsp;geopard.tech Handelsregistereintrag Registergericht: Amtsgericht K\u00f6lnRegisternummer: HRB 98016Umsatzsteuer-ID: DE 323884557 Gesch\u00e4ftsf\u00fchrer Vladimir Klinkov Die Nutzung der im...\" \/>\n<meta property=\"og:url\" content=\"https:\/\/geopard.tech\/de\/impressum\/\" \/>\n<meta property=\"og:site_name\" content=\"GeoPard - Precision agriculture Mapping software\" \/>\n<meta property=\"article:publisher\" content=\"https:\/\/www.facebook.com\/geopardAgriculture\/\" \/>\n<meta property=\"article:modified_time\" content=\"2022-05-31T08:40:47+00:00\" \/>\n<meta property=\"og:image\" content=\"https:\/\/i0.wp.com\/geopard.tech\/wp-content\/uploads\/2026\/03\/GeoPard-Background-Precision-Ag-software-Do-more-with-your-data.png?fit=3116%2C1754&ssl=1\" \/>\n\t<meta property=\"og:image:width\" content=\"3116\" \/>\n\t<meta property=\"og:image:height\" content=\"1754\" \/>\n\t<meta property=\"og:image:type\" content=\"image\/png\" \/>\n<meta name=\"twitter:card\" content=\"summary_large_image\" \/>\n<meta name=\"twitter:site\" content=\"@geopardagri\" \/>\n<meta name=\"twitter:label1\" content=\"Gesch\u00e4tzte Lesezeit\" \/>\n\t<meta name=\"twitter:data1\" content=\"1\u00a0Minute\" \/>\n<script type=\"application\/ld+json\" class=\"yoast-schema-graph\">{\"@context\":\"https:\\\/\\\/schema.org\",\"@graph\":[{\"@type\":\"WebPage\",\"@id\":\"https:\\\/\\\/geopard.tech\\\/impressum\\\/\",\"url\":\"https:\\\/\\\/geopard.tech\\\/impressum\\\/\",\"name\":\"Impressum - GeoPard Agriculture\",\"isPartOf\":{\"@id\":\"https:\\\/\\\/geopard.tech\\\/#website\"},\"datePublished\":\"2021-10-01T07:22:33+00:00\",\"dateModified\":\"2022-05-31T08:40:47+00:00\",\"breadcrumb\":{\"@id\":\"https:\\\/\\\/geopard.tech\\\/impressum\\\/#breadcrumb\"},\"inLanguage\":\"de\",\"potentialAction\":[{\"@type\":\"ReadAction\",\"target\":[\"https:\\\/\\\/geopard.tech\\\/impressum\\\/\"]}]},{\"@type\":\"BreadcrumbList\",\"@id\":\"https:\\\/\\\/geopard.tech\\\/impressum\\\/#breadcrumb\",\"itemListElement\":[{\"@type\":\"ListItem\",\"position\":1,\"name\":\"Home\",\"item\":\"https:\\\/\\\/geopard.tech\\\/\"},{\"@type\":\"ListItem\",\"position\":2,\"name\":\"Impressum\"}]},{\"@type\":\"WebSite\",\"@id\":\"https:\\\/\\\/geopard.tech\\\/#website\",\"url\":\"https:\\\/\\\/geopard.tech\\\/\",\"name\":\"GeoPard - Precision agriculture software\",\"description\":\"Precision agriculture Mapping software\",\"publisher\":{\"@id\":\"https:\\\/\\\/geopard.tech\\\/#organization\"},\"alternateName\":\"GeoPard\",\"potentialAction\":[{\"@type\":\"SearchAction\",\"target\":{\"@type\":\"EntryPoint\",\"urlTemplate\":\"https:\\\/\\\/geopard.tech\\\/?s={search_term_string}\"},\"query-input\":{\"@type\":\"PropertyValueSpecification\",\"valueRequired\":true,\"valueName\":\"search_term_string\"}}],\"inLanguage\":\"de\"},{\"@type\":\"Organization\",\"@id\":\"https:\\\/\\\/geopard.tech\\\/#organization\",\"name\":\"GeoPard Agriculture\",\"alternateName\":\"GeoPard\",\"url\":\"https:\\\/\\\/geopard.tech\\\/\",\"logo\":{\"@type\":\"ImageObject\",\"inLanguage\":\"de\",\"@id\":\"https:\\\/\\\/geopard.tech\\\/#\\\/schema\\\/logo\\\/image\\\/\",\"url\":\"https:\\\/\\\/i0.wp.com\\\/geopard.tech\\\/wp-content\\\/uploads\\\/2022\\\/03\\\/favicon.png?fit=200%2C200&ssl=1\",\"contentUrl\":\"https:\\\/\\\/i0.wp.com\\\/geopard.tech\\\/wp-content\\\/uploads\\\/2022\\\/03\\\/favicon.png?fit=200%2C200&ssl=1\",\"width\":200,\"height\":200,\"caption\":\"GeoPard Agriculture\"},\"image\":{\"@id\":\"https:\\\/\\\/geopard.tech\\\/#\\\/schema\\\/logo\\\/image\\\/\"},\"sameAs\":[\"https:\\\/\\\/www.facebook.com\\\/geopardAgriculture\\\/\",\"https:\\\/\\\/x.com\\\/geopardagri\",\"https:\\\/\\\/www.linkedin.com\\\/company\\\/geopard-agriculture\\\/\",\"https:\\\/\\\/www.instagram.com\\\/geopardagriculture\\\/\"]}]}<\/script>\n<!-- \/ Yoast SEO Premium plugin. -->","yoast_head_json":{"title":"Impressum - GeoPard Agriculture","robots":{"index":"index","follow":"follow","max-snippet":"max-snippet:-1","max-image-preview":"max-image-preview:large","max-video-preview":"max-video-preview:-1"},"canonical":"https:\/\/geopard.tech\/de\/impressum\/","og_locale":"de_DE","og_type":"article","og_title":"Impressum","og_description":"Diensteanbieter FlyPard Analytics GmbHNeusser Str. 47250733 K\u00f6ln, Germany Kontakt email:&nbsp;info@geopard.techwebsite:&nbsp;geopard.tech Handelsregistereintrag Registergericht: Amtsgericht K\u00f6lnRegisternummer: HRB 98016Umsatzsteuer-ID: DE 323884557 Gesch\u00e4ftsf\u00fchrer Vladimir Klinkov Die Nutzung der im...","og_url":"https:\/\/geopard.tech\/de\/impressum\/","og_site_name":"GeoPard - Precision agriculture Mapping software","article_publisher":"https:\/\/www.facebook.com\/geopardAgriculture\/","article_modified_time":"2022-05-31T08:40:47+00:00","og_image":[{"width":3116,"height":1754,"url":"https:\/\/i0.wp.com\/geopard.tech\/wp-content\/uploads\/2026\/03\/GeoPard-Background-Precision-Ag-software-Do-more-with-your-data.png?fit=3116%2C1754&ssl=1","type":"image\/png"}],"twitter_card":"summary_large_image","twitter_site":"@geopardagri","twitter_misc":{"Gesch\u00e4tzte Lesezeit":"1\u00a0Minute"},"schema":{"@context":"https:\/\/schema.org","@graph":[{"@type":"WebPage","@id":"https:\/\/geopard.tech\/impressum\/","url":"https:\/\/geopard.tech\/impressum\/","name":"Impressum - GeoPard Agriculture","isPartOf":{"@id":"https:\/\/geopard.tech\/#website"},"datePublished":"2021-10-01T07:22:33+00:00","dateModified":"2022-05-31T08:40:47+00:00","breadcrumb":{"@id":"https:\/\/geopard.tech\/impressum\/#breadcrumb"},"inLanguage":"de","potentialAction":[{"@type":"ReadAction","target":["https:\/\/geopard.tech\/impressum\/"]}]},{"@type":"BreadcrumbList","@id":"https:\/\/geopard.tech\/impressum\/#breadcrumb","itemListElement":[{"@type":"ListItem","position":1,"name":"Home","item":"https:\/\/geopard.tech\/"},{"@type":"ListItem","position":2,"name":"Impressum"}]},{"@type":"WebSite","@id":"https:\/\/geopard.tech\/#website","url":"https:\/\/geopard.tech\/","name":"GeoPard - Pr\u00e4zisionslandwirtschaftssoftware","description":"Pr\u00e4zisionslandwirtschaft Kartierungssoftware","publisher":{"@id":"https:\/\/geopard.tech\/#organization"},"alternateName":"GeoPard","potentialAction":[{"@type":"SearchAction","target":{"@type":"EntryPoint","urlTemplate":"https:\/\/geopard.tech\/?s={search_term_string}"},"query-input":{"@type":"PropertyValueSpecification","valueRequired":true,"valueName":"search_term_string"}}],"inLanguage":"de"},{"@type":"Organization","@id":"https:\/\/geopard.tech\/#organization","name":"GeoPard Landwirtschaft","alternateName":"GeoPard","url":"https:\/\/geopard.tech\/","logo":{"@type":"ImageObject","inLanguage":"de","@id":"https:\/\/geopard.tech\/#\/schema\/logo\/image\/","url":"https:\/\/i0.wp.com\/geopard.tech\/wp-content\/uploads\/2022\/03\/favicon.png?fit=200%2C200&ssl=1","contentUrl":"https:\/\/i0.wp.com\/geopard.tech\/wp-content\/uploads\/2022\/03\/favicon.png?fit=200%2C200&ssl=1","width":200,"height":200,"caption":"GeoPard Agriculture"},"image":{"@id":"https:\/\/geopard.tech\/#\/schema\/logo\/image\/"},"sameAs":["https:\/\/www.facebook.com\/geopardAgriculture\/","https:\/\/x.com\/geopardagri","https:\/\/www.linkedin.com\/company\/geopard-agriculture\/","https:\/\/www.instagram.com\/geopardagriculture\/"]}]}},"jetpack_likes_enabled":true,"jetpack_sharing_enabled":true,"jetpack_shortlink":"https:\/\/wp.me\/PdiCPa-d9","_links":{"self":[{"href":"https:\/\/geopard.tech\/de\/wp-json\/wp\/v2\/pages\/815","targetHints":{"allow":["GET"]}}],"collection":[{"href":"https:\/\/geopard.tech\/de\/wp-json\/wp\/v2\/pages"}],"about":[{"href":"https:\/\/geopard.tech\/de\/wp-json\/wp\/v2\/types\/page"}],"author":[{"embeddable":true,"href":"https:\/\/geopard.tech\/de\/wp-json\/wp\/v2\/users\/210157960"}],"replies":[{"embeddable":true,"href":"https:\/\/geopard.tech\/de\/wp-json\/wp\/v2\/comments?post=815"}],"version-history":[{"count":0,"href":"https:\/\/geopard.tech\/de\/wp-json\/wp\/v2\/pages\/815\/revisions"}],"wp:attachment":[{"href":"https:\/\/geopard.tech\/de\/wp-json\/wp\/v2\/media?parent=815"}],"curies":[{"name":"wp","href":"https:\/\/api.w.org\/{rel}","templated":true}]}}